{"id":480,"date":"2026-01-08T11:09:35","date_gmt":"2026-01-08T10:09:35","guid":{"rendered":"https:\/\/www.ferme-gresigne.fr\/web2\/?page_id=480"},"modified":"2026-01-08T11:12:48","modified_gmt":"2026-01-08T10:12:48","slug":"notre-etalon","status":"publish","type":"page","link":"https:\/\/www.ferme-gresigne.fr\/web2\/elevage\/notre-etalon\/","title":{"rendered":"Notre \u00e9talon"},"content":{"rendered":"\n<h3 class=\"wp-block-heading\">Kanan, \u00e9talon Appaloosa :<\/h3>\n\n\n\n<div class=\"wp-block-columns is-layout-flex wp-container-core-columns-is-layout-28f84493 wp-block-columns-is-layout-flex\">\n<div class=\"wp-block-column is-layout-flow wp-block-column-is-layout-flow\">\n<figure class=\"wp-block-image size-large is-resized\"><img loading=\"lazy\" decoding=\"async\" width=\"768\" height=\"1024\" src=\"https:\/\/www.ferme-gresigne.fr\/web2\/wp-content\/uploads\/Kanan_Luc2024-3-768x1024.jpg\" alt=\"Kanan Smoking Flash\" class=\"wp-image-472\" style=\"aspect-ratio:0.7499937262517794;width:370px;height:auto\" srcset=\"https:\/\/www.ferme-gresigne.fr\/web2\/wp-content\/uploads\/Kanan_Luc2024-3-768x1024.jpg 768w, https:\/\/www.ferme-gresigne.fr\/web2\/wp-content\/uploads\/Kanan_Luc2024-3-225x300.jpg 225w, https:\/\/www.ferme-gresigne.fr\/web2\/wp-content\/uploads\/Kanan_Luc2024-3-1152x1536.jpg 1152w, https:\/\/www.ferme-gresigne.fr\/web2\/wp-content\/uploads\/Kanan_Luc2024-3.jpg 1536w\" sizes=\"auto, (max-width: 768px) 100vw, 768px\" \/><\/figure>\n<\/div>\n\n\n\n<div class=\"wp-block-column is-layout-flow wp-block-column-is-layout-flow\">\n<figure class=\"wp-block-image size-large\"><img loading=\"lazy\" decoding=\"async\" width=\"1024\" height=\"1024\" src=\"https:\/\/www.ferme-gresigne.fr\/web2\/wp-content\/uploads\/kanan-2024-05-12-1024x1024.jpg\" alt=\"Kanan\" class=\"wp-image-481\" srcset=\"https:\/\/www.ferme-gresigne.fr\/web2\/wp-content\/uploads\/kanan-2024-05-12-1024x1024.jpg 1024w, https:\/\/www.ferme-gresigne.fr\/web2\/wp-content\/uploads\/kanan-2024-05-12-300x300.jpg 300w, https:\/\/www.ferme-gresigne.fr\/web2\/wp-content\/uploads\/kanan-2024-05-12-150x150.jpg 150w, https:\/\/www.ferme-gresigne.fr\/web2\/wp-content\/uploads\/kanan-2024-05-12-768x768.jpg 768w, https:\/\/www.ferme-gresigne.fr\/web2\/wp-content\/uploads\/kanan-2024-05-12.jpg 1080w\" sizes=\"auto, (max-width: 1024px) 100vw, 1024px\" \/><\/figure>\n<\/div>\n\n\n\n<div class=\"wp-block-column is-layout-flow wp-block-column-is-layout-flow\">\n<figure class=\"wp-block-image size-large is-resized\"><img loading=\"lazy\" decoding=\"async\" width=\"768\" height=\"1024\" src=\"https:\/\/www.ferme-gresigne.fr\/web2\/wp-content\/uploads\/Kanan_Luc2024-1-768x1024.jpg\" alt=\"\" class=\"wp-image-482\" style=\"aspect-ratio:0.7499937262517794;width:367px;height:auto\" srcset=\"https:\/\/www.ferme-gresigne.fr\/web2\/wp-content\/uploads\/Kanan_Luc2024-1-768x1024.jpg 768w, https:\/\/www.ferme-gresigne.fr\/web2\/wp-content\/uploads\/Kanan_Luc2024-1-225x300.jpg 225w, https:\/\/www.ferme-gresigne.fr\/web2\/wp-content\/uploads\/Kanan_Luc2024-1-1152x1536.jpg 1152w, https:\/\/www.ferme-gresigne.fr\/web2\/wp-content\/uploads\/Kanan_Luc2024-1.jpg 1536w\" sizes=\"auto, (max-width: 768px) 100vw, 768px\" \/><\/figure>\n<\/div>\n<\/div>\n\n\n\n<p>En 2021, la Ferme \u00c9questre a acquis Kanan Smoking Flash, \u00e9talon de race Appaloosa, plein papiers (US + SIRE). N\u00e9 en 2020, nous proposons des saillies depuis 2024 et des poulains \u00e0 la vente fin 2024 ou d\u00e9but 2025.<\/p>\n\n\n\n<p><strong>N\u00e9gatif panel 6<\/strong>, Kanan est de robe <strong>Few Spot<\/strong>&nbsp;sur&nbsp;une&nbsp;base&nbsp;alezane. Il est porteur de g\u00e8nes qui assurent des produits de couleur quelle que soit la jument saillie.<\/p>\n\n\n\n<p>Il montre une belle musculature puissante.<br>Joueur et tr\u00e8s proche de l\u2019homme, c\u2019est un cheval tr\u00e8s attachant.<br>D\u2019un naturel calme, il est tr\u00e8s doux avec les juments.<\/p>\n\n\n\n<p>R\u00e9sultat du test g\u00e9n\u00e9tique de sa robe :<br>ee aa LP\/LP PATN1\/n SW1\/n =&gt; homozygote sur le g\u00e8ne L\u00e9opard (LP) et porteur d\u2019un g\u00e8ne splash (SW1), il porte aussi le g\u00e8ne PATN1 responsable des robes cap\u00e9es et l\u00e9opard.<\/p>\n\n\n\n<p>Il produit des poulains pleins-papiers Appaloosa avec des juments de race Appaloosa, Quarter Horse, Pur-sang Arabe ou Pur-sang Anglais.<br>Il produit en OC avec des juments d\u2019autres races.<\/p>\n\n\n\n<p><a href=\"https:\/\/www.ferme-gresigne.fr\/webtrees\/index.php?route=%2Fwebtrees%2Ftree%2Ffamille1%2Fhourglass-5-0%2FI1705\">Consulter la g\u00e9n\u00e9alogie de Kanan<\/a>.<\/p>\n\n\n\n<p><\/p>\n\n\n\n<h3 class=\"wp-block-heading\">Ses produits :<\/h3>\n\n\n\n<figure class=\"wp-block-gallery has-nested-images columns-default is-cropped wp-block-gallery-1 is-layout-flex wp-block-gallery-is-layout-flex\">\n<figure class=\"wp-block-image size-large\"><img loading=\"lazy\" decoding=\"async\" width=\"1024\" height=\"576\" data-id=\"487\" src=\"https:\/\/www.ferme-gresigne.fr\/web2\/wp-content\/uploads\/Pogo-1024x576.jpg\" alt=\"Pogo des Gr\u00e8zes\" class=\"wp-image-487\" srcset=\"https:\/\/www.ferme-gresigne.fr\/web2\/wp-content\/uploads\/Pogo-1024x576.jpg 1024w, https:\/\/www.ferme-gresigne.fr\/web2\/wp-content\/uploads\/Pogo-300x169.jpg 300w, https:\/\/www.ferme-gresigne.fr\/web2\/wp-content\/uploads\/Pogo-768x432.jpg 768w, https:\/\/www.ferme-gresigne.fr\/web2\/wp-content\/uploads\/Pogo.jpg 1080w\" sizes=\"auto, (max-width: 1024px) 100vw, 1024px\" \/><figcaption class=\"wp-element-caption\">Pogo, 2025, OC<\/figcaption><\/figure>\n\n\n\n<figure class=\"wp-block-image size-large\"><img loading=\"lazy\" decoding=\"async\" width=\"1024\" height=\"576\" data-id=\"484\" src=\"https:\/\/www.ferme-gresigne.fr\/web2\/wp-content\/uploads\/Pretty1-1024x576.jpg\" alt=\"Pretty Boogie Flash FG\" class=\"wp-image-484\" srcset=\"https:\/\/www.ferme-gresigne.fr\/web2\/wp-content\/uploads\/Pretty1-1024x576.jpg 1024w, https:\/\/www.ferme-gresigne.fr\/web2\/wp-content\/uploads\/Pretty1-300x169.jpg 300w, https:\/\/www.ferme-gresigne.fr\/web2\/wp-content\/uploads\/Pretty1-768x432.jpg 768w, https:\/\/www.ferme-gresigne.fr\/web2\/wp-content\/uploads\/Pretty1.jpg 1080w\" sizes=\"auto, (max-width: 1024px) 100vw, 1024px\" \/><figcaption class=\"wp-element-caption\">Pretty, 2025, Appaloosa<\/figcaption><\/figure>\n\n\n\n<figure class=\"wp-block-image size-large\"><img loading=\"lazy\" decoding=\"async\" width=\"1024\" height=\"774\" data-id=\"485\" src=\"https:\/\/www.ferme-gresigne.fr\/web2\/wp-content\/uploads\/Odessa-1024x774.jpg\" alt=\"Odessa des Gr\u00e8zes\" class=\"wp-image-485\" srcset=\"https:\/\/www.ferme-gresigne.fr\/web2\/wp-content\/uploads\/Odessa-1024x774.jpg 1024w, https:\/\/www.ferme-gresigne.fr\/web2\/wp-content\/uploads\/Odessa-300x227.jpg 300w, https:\/\/www.ferme-gresigne.fr\/web2\/wp-content\/uploads\/Odessa-768x581.jpg 768w, https:\/\/www.ferme-gresigne.fr\/web2\/wp-content\/uploads\/Odessa.jpg 1521w\" sizes=\"auto, (max-width: 1024px) 100vw, 1024px\" \/><figcaption class=\"wp-element-caption\">Odessa, 2024, OC<\/figcaption><\/figure>\n\n\n\n<figure class=\"wp-block-image size-large\"><img loading=\"lazy\" decoding=\"async\" width=\"1024\" height=\"576\" data-id=\"483\" src=\"https:\/\/www.ferme-gresigne.fr\/web2\/wp-content\/uploads\/Ory_2025_05_03-b-1024x576.jpg\" alt=\"Ory Flash Start FG\" class=\"wp-image-483\" srcset=\"https:\/\/www.ferme-gresigne.fr\/web2\/wp-content\/uploads\/Ory_2025_05_03-b-1024x576.jpg 1024w, https:\/\/www.ferme-gresigne.fr\/web2\/wp-content\/uploads\/Ory_2025_05_03-b-300x169.jpg 300w, https:\/\/www.ferme-gresigne.fr\/web2\/wp-content\/uploads\/Ory_2025_05_03-b-768x432.jpg 768w, https:\/\/www.ferme-gresigne.fr\/web2\/wp-content\/uploads\/Ory_2025_05_03-b-1536x863.jpg 1536w, https:\/\/www.ferme-gresigne.fr\/web2\/wp-content\/uploads\/Ory_2025_05_03-b.jpg 2048w\" sizes=\"auto, (max-width: 1024px) 100vw, 1024px\" \/><figcaption class=\"wp-element-caption\">Ory, 2024, Appaloosa<\/figcaption><\/figure>\n<\/figure>\n\n\n\n<p><\/p>\n","protected":false},"excerpt":{"rendered":"<p>Kanan, \u00e9talon Appaloosa : En 2021, la Ferme \u00c9questre a acquis Kanan Smoking Flash, \u00e9talon de race Appaloosa, plein papiers<\/p>\n","protected":false},"author":1,"featured_media":0,"parent":470,"menu_order":0,"comment_status":"closed","ping_status":"closed","template":"","meta":{"colormag_page_container_layout":"default_layout","colormag_page_sidebar_layout":"default_layout","footnotes":""},"class_list":["post-480","page","type-page","status-publish","hentry"],"magazineBlocksPostFeaturedMedia":{"thumbnail":false,"medium":false,"medium_large":false,"large":false,"1536x1536":false,"2048x2048":false,"colormag-highlighted-post":false,"colormag-featured-post-medium":false,"colormag-featured-post-small":false,"colormag-featured-image":false,"colormag-default-news":false,"colormag-featured-image-large":false},"magazineBlocksPostAuthor":{"name":"Fabrice","avatar":"https:\/\/secure.gravatar.com\/avatar\/45a193e99338621692f7cc34a91a0c68eb7d9904b2f37c44a23c9fd7e4c89a07?s=96&d=mm&r=g"},"magazineBlocksPostCommentsNumber":false,"magazineBlocksPostExcerpt":"Kanan, \u00e9talon Appaloosa : En 2021, la Ferme \u00c9questre a acquis Kanan Smoking Flash, \u00e9talon de race Appaloosa, plein papiers","magazineBlocksPostCategories":[],"magazineBlocksPostViewCount":0,"magazineBlocksPostReadTime":1,"_links":{"self":[{"href":"https:\/\/www.ferme-gresigne.fr\/web2\/wp-json\/wp\/v2\/pages\/480","targetHints":{"allow":["GET"]}}],"collection":[{"href":"https:\/\/www.ferme-gresigne.fr\/web2\/wp-json\/wp\/v2\/pages"}],"about":[{"href":"https:\/\/www.ferme-gresigne.fr\/web2\/wp-json\/wp\/v2\/types\/page"}],"author":[{"embeddable":true,"href":"https:\/\/www.ferme-gresigne.fr\/web2\/wp-json\/wp\/v2\/users\/1"}],"replies":[{"embeddable":true,"href":"https:\/\/www.ferme-gresigne.fr\/web2\/wp-json\/wp\/v2\/comments?post=480"}],"version-history":[{"count":4,"href":"https:\/\/www.ferme-gresigne.fr\/web2\/wp-json\/wp\/v2\/pages\/480\/revisions"}],"predecessor-version":[{"id":492,"href":"https:\/\/www.ferme-gresigne.fr\/web2\/wp-json\/wp\/v2\/pages\/480\/revisions\/492"}],"up":[{"embeddable":true,"href":"https:\/\/www.ferme-gresigne.fr\/web2\/wp-json\/wp\/v2\/pages\/470"}],"wp:attachment":[{"href":"https:\/\/www.ferme-gresigne.fr\/web2\/wp-json\/wp\/v2\/media?parent=480"}],"curies":[{"name":"wp","href":"https:\/\/api.w.org\/{rel}","templated":true}]}}